{"id":21,"date":"2020-10-22T09:13:57","date_gmt":"2020-10-22T09:13:57","guid":{"rendered":"https:\/\/brennholzdepot-seligenstadt.de\/?page_id=21"},"modified":"2021-04-22T10:23:43","modified_gmt":"2021-04-22T10:23:43","slug":"kontakt","status":"publish","type":"page","link":"https:\/\/brennholzdepot-seligenstadt.de\/?page_id=21","title":{"rendered":"KONTAKT"},"content":{"rendered":"\n<p class=\"has-text-align-left\">W\u00fcnschen Sie ein konkretes Angebot? Oder wollen Sie n\u00e4here Informationen zu unserem Angebot?<br>Gerne nehmen wir auch Kritik oder Anregungen entgegen.<br>Rufen Sie uns an oder schreiben uns eine E-Mail.<br><br><br>Brennholzdepot Seligenstadt<br>Christoph Hildebrand<br>Stifterstra\u00dfe 10<br>63500 Seligenstadt<br>Telefon: +49 6182 7740490<br><br><a href=\"mailto:info@brennholzdepot-seligenstadt.de\">info@brennholzdepot-seligenstadt.de<\/a><\/p>\n\n\n\n<p class=\"has-text-align-left\"><strong>F\u00dcR SELBSTABHOLER:<\/strong><\/p>\n\n\n\n<p class=\"has-text-align-left\">Unser Holzplatz befindet sich in der Zeppelinstra\u00dfe 1, 63500 Seligenstadt<\/p>\n\n\n\n<p class=\"has-text-align-left\"><strong>Fragen? Schreiben Sie uns!<\/strong><\/p>\n\n\n<div class=\"wpforms-container wpforms-container-full wpforms-block\" id=\"wpforms-22\"><form id=\"wpforms-form-22\" class=\"wpforms-validate wpforms-form\" data-formid=\"22\" method=\"post\" enctype=\"multipart\/form-data\" action=\"\/index.php?rest_route=%2Fwp%2Fv2%2Fpages%2F21\" data-token=\"bc5b34a13ab07896f4eb1263fa9d53c0\" data-token-time=\"1777814452\"><noscript class=\"wpforms-error-noscript\">Bitte aktiviere JavaScript in deinem Browser, um dieses Formular fertigzustellen.<\/noscript><div class=\"wpforms-field-container\"><div id=\"wpforms-22-field_0-container\" class=\"wpforms-field wpforms-field-name\" data-field-id=\"0\"><label class=\"wpforms-field-label\">Name <span class=\"wpforms-required-label\">*<\/span><\/label><div class=\"wpforms-field-row wpforms-field-medium\"><div class=\"wpforms-field-row-block wpforms-first wpforms-one-half\"><input type=\"text\" id=\"wpforms-22-field_0\" class=\"wpforms-field-name-first wpforms-field-required\" name=\"wpforms[fields][0][first]\" required><label for=\"wpforms-22-field_0\" class=\"wpforms-field-sublabel after\">Vorname<\/label><\/div><div class=\"wpforms-field-row-block wpforms-one-half\"><input type=\"text\" id=\"wpforms-22-field_0-last\" class=\"wpforms-field-name-last wpforms-field-required\" name=\"wpforms[fields][0][last]\" required><label for=\"wpforms-22-field_0-last\" class=\"wpforms-field-sublabel after\">Nachname<\/label><\/div><\/div><\/div><div id=\"wpforms-22-field_1-container\" class=\"wpforms-field wpforms-field-email\" data-field-id=\"1\"><label class=\"wpforms-field-label\" for=\"wpforms-22-field_1\">E-Mail <span class=\"wpforms-required-label\">*<\/span><\/label><input type=\"email\" id=\"wpforms-22-field_1\" class=\"wpforms-field-medium wpforms-field-required\" name=\"wpforms[fields][1]\" spellcheck=\"false\" required><\/div><div id=\"wpforms-22-field_2-container\" class=\"wpforms-field wpforms-field-textarea\" data-field-id=\"2\"><label class=\"wpforms-field-label\" for=\"wpforms-22-field_2\">Kommentar oder Nachricht <span class=\"wpforms-required-label\">*<\/span><\/label><textarea id=\"wpforms-22-field_2\" class=\"wpforms-field-medium wpforms-field-required\" name=\"wpforms[fields][2]\" required><\/textarea><\/div><\/div><!-- .wpforms-field-container --><div class=\"wpforms-submit-container\" ><input type=\"hidden\" name=\"wpforms[id]\" value=\"22\"><input type=\"hidden\" name=\"page_title\" value=\"\"><input type=\"hidden\" name=\"page_url\" value=\"https:\/\/brennholzdepot-seligenstadt.de\/index.php?rest_route=\/wp\/v2\/pages\/21\"><input type=\"hidden\" name=\"url_referer\" value=\"\"><button type=\"submit\" name=\"wpforms[submit]\" id=\"wpforms-submit-22\" class=\"wpforms-submit\" data-alt-text=\"Senden...\" data-submit-text=\"Absenden\" aria-live=\"assertive\" value=\"wpforms-submit\">Absenden<\/button><\/div><\/form><\/div>  <!-- .wpforms-container -->\n\n\n<p><\/p>\n","protected":false},"excerpt":{"rendered":"<p>W\u00fcnschen Sie ein konkretes Angebot? Oder wollen Sie n\u00e4here Informationen zu unserem Angebot?Gerne nehmen wir auch Kritik oder Anregungen entgegen.Rufen Sie uns an oder schreiben uns eine E-Mail. Brennholzdepot SeligenstadtChristoph HildebrandStifterstra\u00dfe 1063500 SeligenstadtTelefon: +49 6182 7740490 info@brennholzdepot-seligenstadt.de F\u00dcR SELBSTABHOLER: Unser Holzplatz befindet sich in der Zeppelinstra\u00dfe 1, 63500 Seligenstadt Fragen? Schreiben Sie uns!<\/p>\n","protected":false},"author":1,"featured_media":0,"parent":0,"menu_order":0,"comment_status":"closed","ping_status":"closed","template":"","meta":{"ngg_post_thumbnail":0,"footnotes":""},"class_list":["post-21","page","type-page","status-publish","hentry"],"_links":{"self":[{"href":"https:\/\/brennholzdepot-seligenstadt.de\/index.php?rest_route=\/wp\/v2\/pages\/21","targetHints":{"allow":["GET"]}}],"collection":[{"href":"https:\/\/brennholzdepot-seligenstadt.de\/index.php?rest_route=\/wp\/v2\/pages"}],"about":[{"href":"https:\/\/brennholzdepot-seligenstadt.de\/index.php?rest_route=\/wp\/v2\/types\/page"}],"author":[{"embeddable":true,"href":"https:\/\/brennholzdepot-seligenstadt.de\/index.php?rest_route=\/wp\/v2\/users\/1"}],"replies":[{"embeddable":true,"href":"https:\/\/brennholzdepot-seligenstadt.de\/index.php?rest_route=%2Fwp%2Fv2%2Fcomments&post=21"}],"version-history":[{"count":5,"href":"https:\/\/brennholzdepot-seligenstadt.de\/index.php?rest_route=\/wp\/v2\/pages\/21\/revisions"}],"predecessor-version":[{"id":239,"href":"https:\/\/brennholzdepot-seligenstadt.de\/index.php?rest_route=\/wp\/v2\/pages\/21\/revisions\/239"}],"wp:attachment":[{"href":"https:\/\/brennholzdepot-seligenstadt.de\/index.php?rest_route=%2Fwp%2Fv2%2Fmedia&parent=21"}],"curies":[{"name":"wp","href":"https:\/\/api.w.org\/{rel}","templated":true}]}}