{"id":216,"date":"2021-04-22T09:30:56","date_gmt":"2021-04-22T09:30:56","guid":{"rendered":"https:\/\/brennholzdepot-seligenstadt.de\/?page_id=216"},"modified":"2025-09-23T19:54:16","modified_gmt":"2025-09-23T19:54:16","slug":"aktuell","status":"publish","type":"page","link":"https:\/\/brennholzdepot-seligenstadt.de\/","title":{"rendered":"AKTUELL"},"content":{"rendered":"\n<div class=\"wp-block-columns is-layout-flex wp-container-core-columns-is-layout-1 wp-block-columns-is-layout-flex\">\n<div class=\"wp-block-column is-layout-flow wp-block-column-is-layout-flow\">\n<p class=\"has-text-align-left\">Sehr geehrte Damenund Herren, verehrte Kunden und Kundinnen,<\/p>\n\n\n\n<p class=\"has-text-align-left\">aktuell sind wir mit der Holzverarbeitung f\u00fcr die n\u00e4chste Holzsaison besch\u00e4ftigt. Wir liefern wie gew\u00f6hnlich zeitnah aus! Bestellen Sie bequem im Online-Shop oder rufen Sie uns an.<\/p>\n\n\n\n<p>Aktuell haben wir Nadelholz als lose Ware und auf Paletten im ANGEBOT!<\/p>\n<\/div>\n<\/div>\n","protected":false},"excerpt":{"rendered":"<p>Sehr geehrte Damenund Herren, verehrte Kunden und Kundinnen, aktuell sind wir mit der Holzverarbeitung f\u00fcr die n\u00e4chste Holzsaison besch\u00e4ftigt. Wir liefern wie gew\u00f6hnlich zeitnah aus! Bestellen Sie bequem im Online-Shop oder rufen Sie uns an. Aktuell haben wir Nadelholz als lose Ware und auf Paletten im ANGEBOT!<\/p>\n","protected":false},"author":1,"featured_media":0,"parent":0,"menu_order":0,"comment_status":"closed","ping_status":"closed","template":"","meta":{"ngg_post_thumbnail":0,"footnotes":""},"class_list":["post-216","page","type-page","status-publish","hentry"],"_links":{"self":[{"href":"https:\/\/brennholzdepot-seligenstadt.de\/index.php?rest_route=\/wp\/v2\/pages\/216","targetHints":{"allow":["GET"]}}],"collection":[{"href":"https:\/\/brennholzdepot-seligenstadt.de\/index.php?rest_route=\/wp\/v2\/pages"}],"about":[{"href":"https:\/\/brennholzdepot-seligenstadt.de\/index.php?rest_route=\/wp\/v2\/types\/page"}],"author":[{"embeddable":true,"href":"https:\/\/brennholzdepot-seligenstadt.de\/index.php?rest_route=\/wp\/v2\/users\/1"}],"replies":[{"embeddable":true,"href":"https:\/\/brennholzdepot-seligenstadt.de\/index.php?rest_route=%2Fwp%2Fv2%2Fcomments&post=216"}],"version-history":[{"count":120,"href":"https:\/\/brennholzdepot-seligenstadt.de\/index.php?rest_route=\/wp\/v2\/pages\/216\/revisions"}],"predecessor-version":[{"id":1180,"href":"https:\/\/brennholzdepot-seligenstadt.de\/index.php?rest_route=\/wp\/v2\/pages\/216\/revisions\/1180"}],"wp:attachment":[{"href":"https:\/\/brennholzdepot-seligenstadt.de\/index.php?rest_route=%2Fwp%2Fv2%2Fmedia&parent=216"}],"curies":[{"name":"wp","href":"https:\/\/api.w.org\/{rel}","templated":true}]}}