{"id":4,"date":"2020-10-22T08:41:36","date_gmt":"2020-10-22T08:41:36","guid":{"rendered":"https:\/\/brennholzdepot-seligenstadt.de\/?page_id=4"},"modified":"2024-04-02T10:46:20","modified_gmt":"2024-04-02T10:46:20","slug":"willkommen-auf-https-brennholzdepot-seligenstadt-de","status":"publish","type":"page","link":"https:\/\/brennholzdepot-seligenstadt.de\/?page_id=4","title":{"rendered":"\u00dcBER UNS"},"content":{"rendered":"\n<div class=\"wp-block-media-text is-stacked-on-mobile\"><figure class=\"wp-block-media-text__media\"><img loading=\"lazy\" decoding=\"async\" width=\"1024\" height=\"849\" src=\"https:\/\/brennholzdepot-seligenstadt.de\/wp-content\/uploads\/2024\/04\/CH-Hund-1-1024x849.jpg\" alt=\"\" class=\"wp-image-1016 size-full\" srcset=\"https:\/\/brennholzdepot-seligenstadt.de\/wp-content\/uploads\/2024\/04\/CH-Hund-1-1024x849.jpg 1024w, https:\/\/brennholzdepot-seligenstadt.de\/wp-content\/uploads\/2024\/04\/CH-Hund-1-300x249.jpg 300w, https:\/\/brennholzdepot-seligenstadt.de\/wp-content\/uploads\/2024\/04\/CH-Hund-1-768x637.jpg 768w, https:\/\/brennholzdepot-seligenstadt.de\/wp-content\/uploads\/2024\/04\/CH-Hund-1-1536x1274.jpg 1536w, https:\/\/brennholzdepot-seligenstadt.de\/wp-content\/uploads\/2024\/04\/CH-Hund-1-1302x1080.jpg 1302w, https:\/\/brennholzdepot-seligenstadt.de\/wp-content\/uploads\/2024\/04\/CH-Hund-1-600x498.jpg 600w, https:\/\/brennholzdepot-seligenstadt.de\/wp-content\/uploads\/2024\/04\/CH-Hund-1.jpg 1780w\" sizes=\"auto, (max-width: 1024px) 100vw, 1024px\" \/><\/figure><div class=\"wp-block-media-text__content\">\n<p class=\"has-text-align-left\">Herzlich willkommen, ich bin Christoph Hildebrand. Seit fast zwei Jahrzehnten lebe ich meine Leidenschaft f\u00fcr die Brennholzverarbeitung. Mein treuer Begleiter ist mein Jagdhund Ben. Gemeinsam erkunden wir die Natur, tauchen ein in das Gr\u00fcn der W\u00e4lder und lassen uns von ihrer Sch\u00f6nheit und Ruhe inspirieren. Ob bei der Arbeit in den W\u00e4ldern oder privat bei unseren Streifz\u00fcgen durch die Natur \u2013 Ben ist immer an meiner Seite.<\/p>\n<\/div><\/div>\n\n\n\n<p><\/p>\n\n\n\n<p class=\"has-text-align-left\">Was einst als Nebent\u00e4tigkeit begann, ist nun ein fester Bestandteil meines Lebens. Dank langj\u00e4hriger Kontakte zu Forst\u00e4mtern und anderer Partner, beziehen wir unser Holz ausschlie\u00dflich aus heimischen W\u00e4ldern und setzen damit aktiv auf regionale Nachhaltigkeit.<\/p>\n\n\n\n<p class=\"has-text-align-left\">Das Motto &#8222;Aus der Region f\u00fcr die Region&#8220; hat f\u00fcr mich eine entscheidende Bedeutung, da es nicht nur die St\u00e4rkung der Gemeinschaft f\u00f6rdert, sondern auch den verantwortungsvollen Umgang mit unseren Ressourcen betont.<\/p>\n\n\n\n<p class=\"has-text-align-left\">Durch die Verwendung moderner Maschinen, k\u00f6nnen wir effizient arbeiten und damit Brennholz zu fairen Preisen anbieten. Gleichzeitig helfen kurze Transportwege dabei, die Kosten niedrig zu halten und eine umweltfreundliche Logistik zu gew\u00e4hrleisten.<\/p>\n\n\n\n<p class=\"has-text-align-left\">Wir bieten Ihnen die Wahl zwischen Brennholz als Sch\u00fcttware oder fix und fertig palettiert, ganz nach Ihrem Wunsch. Unserer flexible Lieferung erm\u00f6glicht es Ihnen, die f\u00fcr Sie passende Option zu w\u00e4hlen und Ihr Brennholz genau so zu erhalten, wie Sie es ben\u00f6tigen.<\/p>\n\n\n\n<p class=\"has-text-align-left\">Z\u00f6gern Sie nicht und kontaktieren Sie uns noch heute! Unser B\u00fcro steht Ihnen f\u00fcr Terminvereinbarungen, Reservierungen und alle anderen Anliegen sowohl telefonisch als auch schriftlich zur Verf\u00fcgung.<\/p>\n\n\n\n<p class=\"has-text-align-left\">Wir freuen uns \u00fcber Ihre Anfragen und stehen Ihnen gerne mit Rat und Tat zur Seite. Vielen Dank f\u00fcr Ihr Interesse und bis bald!<\/p>\n\n\n\n<p class=\"has-text-align-left\">Ihr<br>Christoph Hildebrand<\/p>\n","protected":false},"excerpt":{"rendered":"<p>Herzlich willkommen, ich bin Christoph Hildebrand. Seit fast zwei Jahrzehnten lebe ich meine Leidenschaft f\u00fcr die Brennholzverarbeitung. Mein treuer Begleiter ist mein Jagdhund Ben. Gemeinsam erkunden wir die Natur, tauchen ein in das Gr\u00fcn der W\u00e4lder und lassen uns von ihrer Sch\u00f6nheit und Ruhe inspirieren. Ob bei der Arbeit in den W\u00e4ldern oder privat bei&hellip; <br \/> <a class=\"read-more\" href=\"https:\/\/brennholzdepot-seligenstadt.de\/?page_id=4\">Weiterlesen<\/a><\/p>\n","protected":false},"author":1,"featured_media":0,"parent":0,"menu_order":0,"comment_status":"closed","ping_status":"open","template":"","meta":{"ngg_post_thumbnail":0,"footnotes":""},"class_list":["post-4","page","type-page","status-publish","hentry"],"_links":{"self":[{"href":"https:\/\/brennholzdepot-seligenstadt.de\/index.php?rest_route=\/wp\/v2\/pages\/4","targetHints":{"allow":["GET"]}}],"collection":[{"href":"https:\/\/brennholzdepot-seligenstadt.de\/index.php?rest_route=\/wp\/v2\/pages"}],"about":[{"href":"https:\/\/brennholzdepot-seligenstadt.de\/index.php?rest_route=\/wp\/v2\/types\/page"}],"author":[{"embeddable":true,"href":"https:\/\/brennholzdepot-seligenstadt.de\/index.php?rest_route=\/wp\/v2\/users\/1"}],"replies":[{"embeddable":true,"href":"https:\/\/brennholzdepot-seligenstadt.de\/index.php?rest_route=%2Fwp%2Fv2%2Fcomments&post=4"}],"version-history":[{"count":10,"href":"https:\/\/brennholzdepot-seligenstadt.de\/index.php?rest_route=\/wp\/v2\/pages\/4\/revisions"}],"predecessor-version":[{"id":1018,"href":"https:\/\/brennholzdepot-seligenstadt.de\/index.php?rest_route=\/wp\/v2\/pages\/4\/revisions\/1018"}],"wp:attachment":[{"href":"https:\/\/brennholzdepot-seligenstadt.de\/index.php?rest_route=%2Fwp%2Fv2%2Fmedia&parent=4"}],"curies":[{"name":"wp","href":"https:\/\/api.w.org\/{rel}","templated":true}]}}