{"id":486,"date":"2021-10-19T09:54:52","date_gmt":"2021-10-19T09:54:52","guid":{"rendered":"https:\/\/brennholzdepot-seligenstadt.de\/?page_id=486"},"modified":"2021-10-19T09:56:03","modified_gmt":"2021-10-19T09:56:03","slug":"paletten","status":"publish","type":"page","link":"https:\/\/brennholzdepot-seligenstadt.de\/?page_id=486","title":{"rendered":"PALETTEN"},"content":{"rendered":"\n<p>Sehr geehrte Kunden,<br><br>wie Sie ja wissen berechnen wir 8\u20ac Pfand pro Palette. Den Service mit der Abholung der Palette unsererseits haben wir angeboten mit der Voraussetzung, dass diese bei <strong>Ihrer n\u00e4chsten Bestellung bzw. Lieferung<\/strong> wieder mitgenommen wird. <br><br>Wir werden in der Zukunft die Paletten nicht mehr extra abholen kommen!<br><br>Sie haben folgende M\u00f6glichkeit Ihre Paletten wieder zur\u00fcckzugeben:<br><\/p>\n\n\n<ul>\n<li>Wir holen die Palette(n) bei der n\u00e4chsten Brennholzlieferung ab<\/li>\n<li>Sie bringen die Palette(n) pers\u00f6nlich zum Holzplatz in der Zeppelinstra\u00dfe 1, 63500 Seligenstadt<\/li>\n<\/ul>\n<p>Ansonsten k\u00f6nnen Sie die Paletten behalten und diese f\u00fcr pers\u00f6nliche Zwecke nutzen wie z.B. f\u00fcr Gartendeko oder M\u00f6bel. S\u00e4mtliche Inspirationen hierf\u00fcr finden Sie im Internet.<\/p>\n<p>Ihr Team vom Brennholzdepot Seligenstadt<\/p>","protected":false},"excerpt":{"rendered":"<p>Sehr geehrte Kunden, wie Sie ja wissen berechnen wir 8\u20ac Pfand pro Palette. Den Service mit der Abholung der Palette unsererseits haben wir angeboten mit der Voraussetzung, dass diese bei Ihrer n\u00e4chsten Bestellung bzw. Lieferung wieder mitgenommen wird. Wir werden in der Zukunft die Paletten nicht mehr extra abholen kommen! Sie haben folgende M\u00f6glichkeit Ihre&hellip; <br \/> <a class=\"read-more\" href=\"https:\/\/brennholzdepot-seligenstadt.de\/?page_id=486\">Weiterlesen<\/a><\/p>\n","protected":false},"author":1,"featured_media":0,"parent":0,"menu_order":0,"comment_status":"closed","ping_status":"closed","template":"","meta":{"ngg_post_thumbnail":0,"footnotes":""},"class_list":["post-486","page","type-page","status-publish","hentry"],"_links":{"self":[{"href":"https:\/\/brennholzdepot-seligenstadt.de\/index.php?rest_route=\/wp\/v2\/pages\/486","targetHints":{"allow":["GET"]}}],"collection":[{"href":"https:\/\/brennholzdepot-seligenstadt.de\/index.php?rest_route=\/wp\/v2\/pages"}],"about":[{"href":"https:\/\/brennholzdepot-seligenstadt.de\/index.php?rest_route=\/wp\/v2\/types\/page"}],"author":[{"embeddable":true,"href":"https:\/\/brennholzdepot-seligenstadt.de\/index.php?rest_route=\/wp\/v2\/users\/1"}],"replies":[{"embeddable":true,"href":"https:\/\/brennholzdepot-seligenstadt.de\/index.php?rest_route=%2Fwp%2Fv2%2Fcomments&post=486"}],"version-history":[{"count":2,"href":"https:\/\/brennholzdepot-seligenstadt.de\/index.php?rest_route=\/wp\/v2\/pages\/486\/revisions"}],"predecessor-version":[{"id":490,"href":"https:\/\/brennholzdepot-seligenstadt.de\/index.php?rest_route=\/wp\/v2\/pages\/486\/revisions\/490"}],"wp:attachment":[{"href":"https:\/\/brennholzdepot-seligenstadt.de\/index.php?rest_route=%2Fwp%2Fv2%2Fmedia&parent=486"}],"curies":[{"name":"wp","href":"https:\/\/api.w.org\/{rel}","templated":true}]}}