{"id":544,"date":"2021-11-23T11:06:05","date_gmt":"2021-11-23T11:06:05","guid":{"rendered":"https:\/\/brennholzdepot-seligenstadt.de\/?page_id=544"},"modified":"2023-04-13T11:25:51","modified_gmt":"2023-04-13T11:25:51","slug":"versandarten","status":"publish","type":"page","link":"https:\/\/brennholzdepot-seligenstadt.de\/?page_id=544","title":{"rendered":"LIEFERGEBIET"},"content":{"rendered":"\n<p class=\"has-text-align-left\">Bitte beachten Sie unsere Liefergebiete bzw. die entsprechenden Lieferkosten.<\/p>\n\n\n\n<p class=\"has-text-align-left\">Unsere Lieferpauschalen sind unterteilt in Kurz-, Mittel- und Langstrecke.<br><br>Die Kosten hierf\u00fcr betragen:<\/p>\n\n\n\n<ul class=\"wp-block-list\">\n<li>Kurzstrecke: 25 \u20ac<\/li>\n\n\n\n<li>Mittelstrecke: 35 \u20ac<\/li>\n\n\n\n<li>Langstrecke: 45 \u20ac<\/li>\n<\/ul>\n\n\n\n<p class=\"has-text-align-left\">Unser Liefergebiet umfasst die Region in und um Seligenstadt. Bitte haben Sie Verst\u00e4ndnis, dass wir nicht zu weit liefern k\u00f6nnen. Wir beliefern Kunden in einem Umkreis von <strong>max. ~ 15 Kilometer.<\/strong><\/p>\n","protected":false},"excerpt":{"rendered":"<p>Bitte beachten Sie unsere Liefergebiete bzw. die entsprechenden Lieferkosten. Unsere Lieferpauschalen sind unterteilt in Kurz-, Mittel- und Langstrecke. Die Kosten hierf\u00fcr betragen: Unser Liefergebiet umfasst die Region in und um Seligenstadt. Bitte haben Sie Verst\u00e4ndnis, dass wir nicht zu weit liefern k\u00f6nnen. Wir beliefern Kunden in einem Umkreis von max. ~ 15 Kilometer.<\/p>\n","protected":false},"author":1,"featured_media":0,"parent":0,"menu_order":0,"comment_status":"closed","ping_status":"closed","template":"","meta":{"ngg_post_thumbnail":0,"footnotes":""},"class_list":["post-544","page","type-page","status-publish","hentry"],"_links":{"self":[{"href":"https:\/\/brennholzdepot-seligenstadt.de\/index.php?rest_route=\/wp\/v2\/pages\/544","targetHints":{"allow":["GET"]}}],"collection":[{"href":"https:\/\/brennholzdepot-seligenstadt.de\/index.php?rest_route=\/wp\/v2\/pages"}],"about":[{"href":"https:\/\/brennholzdepot-seligenstadt.de\/index.php?rest_route=\/wp\/v2\/types\/page"}],"author":[{"embeddable":true,"href":"https:\/\/brennholzdepot-seligenstadt.de\/index.php?rest_route=\/wp\/v2\/users\/1"}],"replies":[{"embeddable":true,"href":"https:\/\/brennholzdepot-seligenstadt.de\/index.php?rest_route=%2Fwp%2Fv2%2Fcomments&post=544"}],"version-history":[{"count":3,"href":"https:\/\/brennholzdepot-seligenstadt.de\/index.php?rest_route=\/wp\/v2\/pages\/544\/revisions"}],"predecessor-version":[{"id":832,"href":"https:\/\/brennholzdepot-seligenstadt.de\/index.php?rest_route=\/wp\/v2\/pages\/544\/revisions\/832"}],"wp:attachment":[{"href":"https:\/\/brennholzdepot-seligenstadt.de\/index.php?rest_route=%2Fwp%2Fv2%2Fmedia&parent=544"}],"curies":[{"name":"wp","href":"https:\/\/api.w.org\/{rel}","templated":true}]}}