{"id":1045,"date":"2024-04-17T11:07:07","date_gmt":"2024-04-17T11:07:07","guid":{"rendered":"https:\/\/brennholzdepot-seligenstadt.de\/?post_type=product&#038;p=1045"},"modified":"2024-06-18T07:28:57","modified_gmt":"2024-06-18T07:28:57","slug":"brennholzmischung-25cm-packfix-palette","status":"publish","type":"product","link":"https:\/\/brennholzdepot-seligenstadt.de\/?product=brennholzmischung-25cm-packfix-palette","title":{"rendered":"Brennholzmischung (25cm) &#8211; Packfix Palette"},"content":{"rendered":"<p>1,6 SRM (Sch\u00fcttraummeter) Brennholzmischung bestehend aus 75% Hartholz (Buche, Eiche, Esche) und 25% Nadelholz (75\/25). Geliefert in einem Netz auf Palette.<\/p>\n<p>Das Holz ist vorgelagert und muss bis zum Winter noch nachtrocknen. Bitte entsprechend offen lagern.<\/p>\n<p>Schnittl\u00e4nge: 25cm<\/p>\n<p>ACHTUNG: F\u00fcr jede Palette berechnen wir zus\u00e4tzlich 8\u20ac Pfand. Die Palette(n) k\u00f6nnen entweder bei der n\u00e4chsten Lieferung getauscht oder abgeholt werden. Alternativ k\u00f6nnen diese von Ihnen pers\u00f6nlich zum Holzplatz vorbeigebracht werden.<\/p>\n","protected":false},"excerpt":{"rendered":"<p>1,6 SRM (Sch\u00fcttraummeter) Brennholzmischung bestehend aus 75% Hartholz (Buche, Eiche, Esche) und 25% Nadelholz (75\/25). Geliefert in einem Netz auf Palette. Das Holz ist vorgelagert und muss bis zum Winter noch nachtrocknen. Bitte entsprechend offen lagern. Schnittl\u00e4nge: 25cm ACHTUNG: F\u00fcr jede Palette berechnen wir zus\u00e4tzlich 8\u20ac Pfand. Die Palette(n) k\u00f6nnen entweder bei der n\u00e4chsten Lieferung&hellip; <br \/> <a class=\"read-more\" href=\"https:\/\/brennholzdepot-seligenstadt.de\/?product=brennholzmischung-25cm-packfix-palette\">Weiterlesen<\/a><\/p>\n","protected":false},"featured_media":1010,"template":"","meta":{"ngg_post_thumbnail":0},"product_brand":[],"product_cat":[45],"product_tag":[],"class_list":{"0":"post-1045","1":"product","2":"type-product","3":"status-publish","4":"has-post-thumbnail","6":"product_cat-packfix-paletten","8":"first","9":"instock","10":"taxable","11":"shipping-taxable","12":"purchasable","13":"product-type-simple"},"_links":{"self":[{"href":"https:\/\/brennholzdepot-seligenstadt.de\/index.php?rest_route=\/wp\/v2\/product\/1045","targetHints":{"allow":["GET"]}}],"collection":[{"href":"https:\/\/brennholzdepot-seligenstadt.de\/index.php?rest_route=\/wp\/v2\/product"}],"about":[{"href":"https:\/\/brennholzdepot-seligenstadt.de\/index.php?rest_route=\/wp\/v2\/types\/product"}],"wp:featuredmedia":[{"embeddable":true,"href":"https:\/\/brennholzdepot-seligenstadt.de\/index.php?rest_route=\/wp\/v2\/media\/1010"}],"wp:attachment":[{"href":"https:\/\/brennholzdepot-seligenstadt.de\/index.php?rest_route=%2Fwp%2Fv2%2Fmedia&parent=1045"}],"wp:term":[{"taxonomy":"product_brand","embeddable":true,"href":"https:\/\/brennholzdepot-seligenstadt.de\/index.php?rest_route=%2Fwp%2Fv2%2Fproduct_brand&post=1045"},{"taxonomy":"product_cat","embeddable":true,"href":"https:\/\/brennholzdepot-seligenstadt.de\/index.php?rest_route=%2Fwp%2Fv2%2Fproduct_cat&post=1045"},{"taxonomy":"product_tag","embeddable":true,"href":"https:\/\/brennholzdepot-seligenstadt.de\/index.php?rest_route=%2Fwp%2Fv2%2Fproduct_tag&post=1045"}],"curies":[{"name":"wp","href":"https:\/\/api.w.org\/{rel}","templated":true}]}}