{"id":288,"date":"2021-05-26T09:11:22","date_gmt":"2021-05-26T09:11:22","guid":{"rendered":"https:\/\/brennholzdepot-seligenstadt.de\/?post_type=product&#038;p=288"},"modified":"2025-11-24T17:28:24","modified_gmt":"2025-11-24T17:28:24","slug":"nadelholz-33cm-lose-ware","status":"publish","type":"product","link":"https:\/\/brennholzdepot-seligenstadt.de\/?product=nadelholz-33cm-lose-ware","title":{"rendered":"Nadelholz (33cm) &#8211; Lose Ware"},"content":{"rendered":"<p>1 SRM (Sch\u00fcttraummeter) bestes Nadelmischholz (Kiefer, Fichte usw.)<\/p>\n<p>&#8211; Schnittl\u00e4nge: 33cm<br \/>\n&#8211; ofenfertig &#038; trocken!<br \/>\n&#8211; Mindestbestellmenge: 2 SRM<\/p>\n<p>ACHTUNG: auf einen Anh\u00e4nger passen insgesamt 4 SRM. Ab 6 SRM sind es dann zwei Lieferungen.<\/p>\n","protected":false},"excerpt":{"rendered":"<p>1 SRM (Sch\u00fcttraummeter) bestes Nadelmischholz (Kiefer, Fichte usw.) &#8211; Schnittl\u00e4nge: 33cm &#8211; ofenfertig &#038; trocken! &#8211; Mindestbestellmenge: 2 SRM ACHTUNG: auf einen Anh\u00e4nger passen insgesamt 4 SRM. Ab 6 SRM sind es dann zwei Lieferungen.<\/p>\n","protected":false},"featured_media":942,"template":"","meta":{"ngg_post_thumbnail":0},"product_brand":[],"product_cat":[44,43],"product_tag":[],"class_list":{"0":"post-288","1":"product","2":"type-product","3":"status-publish","4":"has-post-thumbnail","6":"product_cat-lose-ware","7":"product_cat-sonderangebot","9":"first","10":"outofstock","11":"sale","12":"taxable","13":"shipping-taxable","14":"purchasable","15":"product-type-simple"},"_links":{"self":[{"href":"https:\/\/brennholzdepot-seligenstadt.de\/index.php?rest_route=\/wp\/v2\/product\/288","targetHints":{"allow":["GET"]}}],"collection":[{"href":"https:\/\/brennholzdepot-seligenstadt.de\/index.php?rest_route=\/wp\/v2\/product"}],"about":[{"href":"https:\/\/brennholzdepot-seligenstadt.de\/index.php?rest_route=\/wp\/v2\/types\/product"}],"wp:featuredmedia":[{"embeddable":true,"href":"https:\/\/brennholzdepot-seligenstadt.de\/index.php?rest_route=\/wp\/v2\/media\/942"}],"wp:attachment":[{"href":"https:\/\/brennholzdepot-seligenstadt.de\/index.php?rest_route=%2Fwp%2Fv2%2Fmedia&parent=288"}],"wp:term":[{"taxonomy":"product_brand","embeddable":true,"href":"https:\/\/brennholzdepot-seligenstadt.de\/index.php?rest_route=%2Fwp%2Fv2%2Fproduct_brand&post=288"},{"taxonomy":"product_cat","embeddable":true,"href":"https:\/\/brennholzdepot-seligenstadt.de\/index.php?rest_route=%2Fwp%2Fv2%2Fproduct_cat&post=288"},{"taxonomy":"product_tag","embeddable":true,"href":"https:\/\/brennholzdepot-seligenstadt.de\/index.php?rest_route=%2Fwp%2Fv2%2Fproduct_tag&post=288"}],"curies":[{"name":"wp","href":"https:\/\/api.w.org\/{rel}","templated":true}]}}