{"id":946,"date":"2023-11-21T13:29:56","date_gmt":"2023-11-21T13:29:56","guid":{"rendered":"https:\/\/brennholzdepot-seligenstadt.de\/?post_type=product&#038;p=946"},"modified":"2025-11-24T17:31:04","modified_gmt":"2025-11-24T17:31:04","slug":"4-srm-nadelholz-25cm","status":"publish","type":"product","link":"https:\/\/brennholzdepot-seligenstadt.de\/?product=4-srm-nadelholz-25cm","title":{"rendered":"4 SRM Nadelholz (33cm)"},"content":{"rendered":"<p>SONDERANGEBOT: Ein ganzer Anh\u00e4nger mit 4 SRM (Sch\u00fcttraummeter) bestem Nadelmischholz (Kiefer, Fichte usw.) &#8211; lose Ware. <\/p>\n<p>&#8211; Schnittl\u00e4nge: 33cm<br \/>\n&#8211; ofenfertig &#038; trocken!<\/p>\n","protected":false},"excerpt":{"rendered":"<p>SONDERANGEBOT: Ein ganzer Anh\u00e4nger mit 4 SRM (Sch\u00fcttraummeter) bestem Nadelmischholz (Kiefer, Fichte usw.) &#8211; lose Ware. &#8211; Schnittl\u00e4nge: 33cm &#8211; ofenfertig &#038; trocken!<\/p>\n","protected":false},"featured_media":942,"template":"","meta":{"ngg_post_thumbnail":0},"product_brand":[],"product_cat":[43],"product_tag":[],"class_list":{"0":"post-946","1":"product","2":"type-product","3":"status-publish","4":"has-post-thumbnail","6":"product_cat-sonderangebot","8":"first","9":"outofstock","10":"taxable","11":"shipping-taxable","12":"purchasable","13":"product-type-simple"},"_links":{"self":[{"href":"https:\/\/brennholzdepot-seligenstadt.de\/index.php?rest_route=\/wp\/v2\/product\/946","targetHints":{"allow":["GET"]}}],"collection":[{"href":"https:\/\/brennholzdepot-seligenstadt.de\/index.php?rest_route=\/wp\/v2\/product"}],"about":[{"href":"https:\/\/brennholzdepot-seligenstadt.de\/index.php?rest_route=\/wp\/v2\/types\/product"}],"wp:featuredmedia":[{"embeddable":true,"href":"https:\/\/brennholzdepot-seligenstadt.de\/index.php?rest_route=\/wp\/v2\/media\/942"}],"wp:attachment":[{"href":"https:\/\/brennholzdepot-seligenstadt.de\/index.php?rest_route=%2Fwp%2Fv2%2Fmedia&parent=946"}],"wp:term":[{"taxonomy":"product_brand","embeddable":true,"href":"https:\/\/brennholzdepot-seligenstadt.de\/index.php?rest_route=%2Fwp%2Fv2%2Fproduct_brand&post=946"},{"taxonomy":"product_cat","embeddable":true,"href":"https:\/\/brennholzdepot-seligenstadt.de\/index.php?rest_route=%2Fwp%2Fv2%2Fproduct_cat&post=946"},{"taxonomy":"product_tag","embeddable":true,"href":"https:\/\/brennholzdepot-seligenstadt.de\/index.php?rest_route=%2Fwp%2Fv2%2Fproduct_tag&post=946"}],"curies":[{"name":"wp","href":"https:\/\/api.w.org\/{rel}","templated":true}]}}